{"id":2,"date":"2024-01-26T15:38:32","date_gmt":"2024-01-26T15:38:32","guid":{"rendered":"https:\/\/izajes.agma.cloud\/?page_id=2"},"modified":"2025-08-05T14:51:50","modified_gmt":"2025-08-05T14:51:50","slug":"sample-page","status":"publish","type":"page","link":"https:\/\/izajes.cl\/","title":{"rendered":"Sample Page"},"content":{"rendered":"<p>[et_pb_section fb_built=&#8221;1&#8243; admin_label=&#8221;Header&#8221; _builder_version=&#8221;4.25.2&#8243; _module_preset=&#8221;aa946c44-c8dd-4c36-a16f-3ee2d3ef7815&#8243; background_color_gradient_stops=&#8221;gcid-d119accd-44d7-4f2f-b9d7-599c8463324b 0%|rgba(255,255,255,0) 25%|rgba(7,33,48,0.6) 76%|#072130 100%&#8221; background_image=&#8221;https:\/\/izajes.cl\/wp-content\/uploads\/2025\/01\/non-profit-03.jpg&#8221; custom_padding=&#8221;0px||15px|||&#8221; collapsed=&#8221;on&#8221; global_colors_info=&#8221;{%22gcid-1f1bf5fb-a99d-4acc-8d9e-ddac074c158c%22:%91%22background_color_gradient_stops%22,%22background_color_gradient_stops%22%93,%22gcid-4c79ba3d-a281-4fb6-9b14-02f9a4c793f2%22:%91%22background_color_gradient_stops%22,%22background_color_gradient_stops%22%93,%22gcid-688c464a-d6f2-4296-b592-395352c71c79%22:%91%22background_color_gradient_stops%22,%22background_color_gradient_stops%22%93,%22gcid-d119accd-44d7-4f2f-b9d7-599c8463324b%22:%91%22background_color_gradient_stops%22,%22background_color_gradient_stops%22%93}&#8221;][et_pb_row _builder_version=&#8221;4.27.4&#8243; _module_preset=&#8221;default&#8221; width=&#8221;100%&#8221; max_width=&#8221;100%&#8221; custom_padding=&#8221;0px||2px|||&#8221; global_colors_info=&#8221;{}&#8221;][et_pb_column type=&#8221;4_4&#8243; _builder_version=&#8221;4.25.1&#8243; _module_preset=&#8221;default&#8221; global_colors_info=&#8221;{}&#8221;][et_pb_slider show_arrows=&#8221;off&#8221; show_pagination=&#8221;off&#8221; use_bg_overlay=&#8221;off&#8221; use_text_overlay=&#8221;off&#8221; _builder_version=&#8221;4.27.4&#8243; _module_preset=&#8221;default&#8221; header_font=&#8221;Urbanist||||||||&#8221; body_font=&#8221;Urbanist||||||||&#8221; body_font_size=&#8221;23px&#8221; z_index=&#8221;-500&#8243; min_height=&#8221;427.3px&#8221; custom_padding=&#8221;0px||0px||false|false&#8221; auto=&#8221;on&#8221; body_text_shadow_style=&#8221;preset2&#8243; global_colors_info=&#8221;{}&#8221;][et_pb_slide _builder_version=&#8221;4.27.4&#8243; _module_preset=&#8221;default&#8221; background_color=&#8221;#000000&#8243; background_enable_color=&#8221;on&#8221; use_background_color_gradient=&#8221;on&#8221; background_color_gradient_stops=&#8221;rgba(25,33,181,0.6) 76%|#0063ba 94%&#8221; background_color_gradient_overlays_image=&#8221;on&#8221; background_image=&#8221;https:\/\/izajes.cl\/wp-content\/uploads\/2025\/01\/crop.jpg&#8221; background_enable_image=&#8221;on&#8221; background_enable_pattern_style=&#8221;on&#8221; background_pattern_style=&#8221;diagonal-stripes-2&#8243; background_pattern_size=&#8221;custom&#8221; background_pattern_width=&#8221;0px&#8221; background_pattern_height=&#8221;0px&#8221; global_colors_info=&#8221;{}&#8221; sticky_transition=&#8221;on&#8221;]<\/p>\n<p>El Instituto Sudamericano de Izaje (ISI) es una organizaci\u00f3n especializada en la inspecci\u00f3n t\u00e9cnica de equipos de izaje y maquinaria industrial.<\/p>\n<p>[\/et_pb_slide][et_pb_slide _builder_version=&#8221;4.27.4&#8243; _module_preset=&#8221;default&#8221; background_color=&#8221;#000000&#8243; background_enable_color=&#8221;on&#8221; use_background_color_gradient=&#8221;on&#8221; background_color_gradient_stops=&#8221;rgba(25,33,181,0.6) 76%|#0063ba 94%&#8221; background_color_gradient_overlays_image=&#8221;on&#8221; background_image=&#8221;https:\/\/izajes.cl\/wp-content\/uploads\/2025\/01\/crop2.jpg&#8221; background_enable_image=&#8221;on&#8221; background_enable_pattern_style=&#8221;on&#8221; background_pattern_style=&#8221;diagonal-stripes-2&#8243; background_pattern_size=&#8221;custom&#8221; background_pattern_width=&#8221;0px&#8221; background_pattern_height=&#8221;0px&#8221; global_colors_info=&#8221;{}&#8221; sticky_transition=&#8221;on&#8221;]<\/p>\n<p><i>Desde sus inicios, ISI se ha destacado por ofrecer servicios confiables, imparciales y de alta calidad, respaldados por personal calificado con experiencia en las \u00e1reas de izaje y movimiento de tierra<\/i><\/p>\n<p>[\/et_pb_slide][\/et_pb_slider][et_pb_image src=&#8221;https:\/\/izajes.cl\/wp-content\/uploads\/2025\/01\/ISI_logo_ultimate2.png&#8221; title_text=&#8221;ISI_logo_ultimate2&#8243; align=&#8221;center&#8221; disabled_on=&#8221;off|off|off&#8221; _builder_version=&#8221;4.27.4&#8243; _module_preset=&#8221;default&#8221; max_width=&#8221;97%&#8221; max_height=&#8221;240px&#8221; custom_margin=&#8221;-171px|0px||0px|false|false&#8221; custom_padding=&#8221;|||0px|false|false&#8221; animation_style=&#8221;zoom&#8221; hover_enabled=&#8221;0&#8243; global_colors_info=&#8221;{}&#8221; sticky_enabled=&#8221;0&#8243;][\/et_pb_image][\/et_pb_column][\/et_pb_row][\/et_pb_section][et_pb_section fb_built=&#8221;1&#8243; admin_label=&#8221;Our Mission&#8221; _builder_version=&#8221;4.25.2&#8243; _module_preset=&#8221;278a3a9d-60de-4db8-b295-38791982ffa4&#8243; custom_margin=&#8221;5px||||false|&#8221; custom_padding=&#8221;0vw||0vw||true|false&#8221; collapsed=&#8221;on&#8221; global_colors_info=&#8221;{}&#8221;][et_pb_row _builder_version=&#8221;4.27.4&#8243; _module_preset=&#8221;default&#8221; max_width=&#8221;900px&#8221; min_height=&#8221;282.2px&#8221; custom_margin=&#8221;||-45px||false|false&#8221; global_colors_info=&#8221;{}&#8221;][et_pb_column type=&#8221;4_4&#8243; _builder_version=&#8221;4.25.1&#8243; _module_preset=&#8221;default&#8221; global_colors_info=&#8221;{}&#8221;][et_pb_heading title=&#8221;En ISI (Instituto Sudamericano de Izaje) nos dedicamos a servicios especializados en la capacitaci\u00f3n, certificaci\u00f3n, inspecciones y ensayos no destructivos . Contamos con experiencia en equipos de izaje y movimiento de tierra, asegurando siempre un alto est\u00e1ndar de calidad y cumplimiento normativo. Nuestro objetivo es proporcionar a nuestros clientes soluciones t\u00e9cnicas confiables que contribuyan a la seguridad y la eficiencia en sus operaciones.&#8221; _builder_version=&#8221;4.27.4&#8243; _module_preset=&#8221;85d45368-9598-4fad-8d2a-9e8a755ab3a7&#8243; title_text_align=&#8221;center&#8221; title_text_color=&#8221;#000000&#8243; title_font_size=&#8221;24px&#8221; custom_margin=&#8221;||21px|||&#8221; animation_style=&#8221;fade&#8221; global_colors_info=&#8221;{}&#8221;][\/et_pb_heading][\/et_pb_column][\/et_pb_row][\/et_pb_section][et_pb_section fb_built=&#8221;1&#8243; admin_label=&#8221;Programs&#8221; _builder_version=&#8221;4.25.1&#8243; _module_preset=&#8221;cbe283c6-4a7d-4a37-bce2-de98fb3da668&#8243; custom_padding=&#8221;3px|||||&#8221; collapsed=&#8221;on&#8221;][et_pb_row _builder_version=&#8221;4.25.1&#8243; _module_preset=&#8221;default&#8221; custom_padding=&#8221;7px|||||&#8221; global_colors_info=&#8221;{}&#8221;][et_pb_column type=&#8221;4_4&#8243; _builder_version=&#8221;4.25.1&#8243; _module_preset=&#8221;default&#8221; global_colors_info=&#8221;{}&#8221;][et_pb_heading title=&#8221;Nuestros Principales Servicios&#8221; _builder_version=&#8221;4.25.2&#8243; _module_preset=&#8221;fb35a8e2-67ba-4f1d-891f-c8ff51d2b5a6&#8243; global_colors_info=&#8221;{}&#8221;][\/et_pb_heading][\/et_pb_column][\/et_pb_row][et_pb_row column_structure=&#8221;1_4,1_4,1_4,1_4&#8243; _builder_version=&#8221;4.27.4&#8243; _module_preset=&#8221;default&#8221; custom_margin=&#8221;-20px|auto||auto||&#8221; animation_style=&#8221;fold&#8221; global_colors_info=&#8221;{}&#8221;][et_pb_column type=&#8221;1_4&#8243; _builder_version=&#8221;4.25.1&#8243; _module_preset=&#8221;default&#8221; global_colors_info=&#8221;{}&#8221;][et_pb_image src=&#8221;https:\/\/izajes.cl\/wp-content\/uploads\/2025\/01\/cropb.jpeg&#8221; title_text=&#8221;cropb&#8221; _builder_version=&#8221;4.27.4&#8243; _module_preset=&#8221;384d7b87-ebf5-4371-a8db-3782923916b7&#8243; height=&#8221;150px&#8221; custom_margin=&#8221;||||false|false&#8221; global_colors_info=&#8221;{}&#8221;][\/et_pb_image][et_pb_heading title=&#8221;Capacitaci\u00f3n de Competencias&#8221; _builder_version=&#8221;4.27.4&#8243; _module_preset=&#8221;05551950-caa5-4323-81da-5bc33b90ff2e&#8221; title_text_color=&#8221;#E02B20&#8243; custom_margin=&#8221;||0px||false|false&#8221; global_colors_info=&#8221;{}&#8221;][\/et_pb_heading][et_pb_text _builder_version=&#8221;4.27.4&#8243; _module_preset=&#8221;b6e5b1c6-413f-4139-b53a-49fb46d07cfe&#8221; custom_margin=&#8221;||10px||false|false&#8221; global_colors_info=&#8221;{}&#8221;]<\/p>\n<ul>\n<li>Trabajos en Altura.<\/li>\n<li>Supervisor de Izaje.<\/li>\n<li>Se\u00f1alero Calificado en Maniobras de Izaje.<\/li>\n<li>Armado y Desarmado de Andamios.<\/li>\n<li>y m\u00e1s&#8230;<\/li>\n<\/ul>\n<p>[\/et_pb_text][\/et_pb_column][et_pb_column type=&#8221;1_4&#8243; _builder_version=&#8221;4.25.1&#8243; _module_preset=&#8221;default&#8221; global_colors_info=&#8221;{}&#8221;][et_pb_image src=&#8221;https:\/\/izajes.cl\/wp-content\/uploads\/2025\/01\/2.jpeg&#8221; title_text=&#8221;2&#8243; _builder_version=&#8221;4.27.4&#8243; _module_preset=&#8221;384d7b87-ebf5-4371-a8db-3782923916b7&#8243; height=&#8221;150px&#8221; custom_margin=&#8221;||||false|false&#8221; global_colors_info=&#8221;{}&#8221;][\/et_pb_image][et_pb_heading title=&#8221;Certificaci\u00f3n de Competencias&#8221; _builder_version=&#8221;4.27.4&#8243; _module_preset=&#8221;05551950-caa5-4323-81da-5bc33b90ff2e&#8221; title_text_color=&#8221;#E02B20&#8243; custom_margin=&#8221;||0px||false|false&#8221; global_colors_info=&#8221;{}&#8221;][\/et_pb_heading][et_pb_text _builder_version=&#8221;4.27.4&#8243; _module_preset=&#8221;b6e5b1c6-413f-4139-b53a-49fb46d07cfe&#8221; custom_margin=&#8221;||10px||false|false&#8221; global_colors_info=&#8221;{}&#8221;]<\/p>\n<ul>\n<li>Operador de Cami\u00f3n Pluma.<\/li>\n<li>Operador de Gr\u00faa Horquilla.<\/li>\n<li>Operador de Excavadora.<\/li>\n<li>Se\u00f1alero Calificado en Maniobras de Izaje.<\/li>\n<li>y m\u00e1s&#8230;<\/li>\n<\/ul>\n<p>[\/et_pb_text][\/et_pb_column][et_pb_column type=&#8221;1_4&#8243; _builder_version=&#8221;4.25.1&#8243; _module_preset=&#8221;default&#8221; global_colors_info=&#8221;{}&#8221;][et_pb_image src=&#8221;https:\/\/izajes.cl\/wp-content\/uploads\/2025\/01\/1.jpeg&#8221; title_text=&#8221;1&#8243; _builder_version=&#8221;4.27.4&#8243; _module_preset=&#8221;384d7b87-ebf5-4371-a8db-3782923916b7&#8243; max_width=&#8221;100%&#8221; height=&#8221;150px&#8221; custom_margin=&#8221;||||false|false&#8221; global_colors_info=&#8221;{}&#8221;][\/et_pb_image][et_pb_heading title=&#8221;Inspecci\u00f3n de Equipos&#8221; _builder_version=&#8221;4.27.4&#8243; _module_preset=&#8221;05551950-caa5-4323-81da-5bc33b90ff2e&#8221; title_text_color=&#8221;#E02B20&#8243; custom_margin=&#8221;||0px||false|false&#8221; global_colors_info=&#8221;{}&#8221;][\/et_pb_heading][et_pb_text _builder_version=&#8221;4.27.4&#8243; _module_preset=&#8221;b6e5b1c6-413f-4139-b53a-49fb46d07cfe&#8221; custom_margin=&#8221;||10px||false|false&#8221; global_colors_info=&#8221;{}&#8221;]<\/p>\n<ul>\n<li>Bulldozer.<\/li>\n<li>Excavadora.<\/li>\n<li>Gr\u00faa Hidr\u00e1ulica.<\/li>\n<li>Gr\u00faa Horquilla.<\/li>\n<li>y m\u00e1s&#8230;<\/li>\n<\/ul>\n<p>[\/et_pb_text][\/et_pb_column][et_pb_column type=&#8221;1_4&#8243; _builder_version=&#8221;4.25.1&#8243; _module_preset=&#8221;default&#8221; global_colors_info=&#8221;{}&#8221;][et_pb_image src=&#8221;https:\/\/izajes.cl\/wp-content\/uploads\/2025\/01\/cropa.jpg&#8221; title_text=&#8221;cropa&#8221; _builder_version=&#8221;4.27.4&#8243; _module_preset=&#8221;384d7b87-ebf5-4371-a8db-3782923916b7&#8243; height=&#8221;150px&#8221; custom_margin=&#8221;||||false|false&#8221; locked=&#8221;off&#8221; global_colors_info=&#8221;{}&#8221;][\/et_pb_image][et_pb_heading title=&#8221;Ensayos No Destructivos&#8221; _builder_version=&#8221;4.27.4&#8243; _module_preset=&#8221;05551950-caa5-4323-81da-5bc33b90ff2e&#8221; title_text_color=&#8221;#E02B20&#8243; custom_margin=&#8221;||0px||false|false&#8221; locked=&#8221;off&#8221; global_colors_info=&#8221;{}&#8221;][\/et_pb_heading][et_pb_text _builder_version=&#8221;4.27.4&#8243; _module_preset=&#8221;b6e5b1c6-413f-4139-b53a-49fb46d07cfe&#8221; custom_margin=&#8221;||10px||false|false&#8221; locked=&#8221;off&#8221; global_colors_info=&#8221;{}&#8221;]<\/p>\n<ul>\n<li>Ganchos de Izaje<\/li>\n<li>U\u00f1as de Horquillas.<\/li>\n<li>Ganchos Balde.<\/li>\n<li>Soldaduras.<\/li>\n<li>y m\u00e1s&#8230;<\/li>\n<\/ul>\n<p>[\/et_pb_text][\/et_pb_column][\/et_pb_row][\/et_pb_section][et_pb_section fb_built=&#8221;1&#8243; admin_label=&#8221;Call to Action&#8221; _builder_version=&#8221;4.27.4&#8243; _module_preset=&#8221;cbe283c6-4a7d-4a37-bce2-de98fb3da668&#8243; use_background_color_gradient=&#8221;on&#8221; background_color_gradient_type=&#8221;circular&#8221; background_color_gradient_direction_radial=&#8221;top left&#8221; background_color_gradient_stops=&#8221;#0c71c3 19%|rgba(255,255,255,0) 100%&#8221; background_color_gradient_overlays_image=&#8221;on&#8221; background_image=&#8221;https:\/\/izajes.cl\/wp-content\/uploads\/2025\/01\/crop2.jpg&#8221; parallax=&#8221;on&#8221; custom_margin=&#8221;||||false&#8221; custom_padding=&#8221;8vw||8vw||true|false&#8221; collapsed=&#8221;on&#8221; global_colors_info=&#8221;{%22gcid-2352d280-fe84-43b1-a71e-f400c35a526a%22:%91%22background_color_gradient_stops%22%93}&#8221;][et_pb_row column_structure=&#8221;3_5,1_5,1_5&#8243; _builder_version=&#8221;4.27.4&#8243; _module_preset=&#8221;default&#8221; global_colors_info=&#8221;{}&#8221;][et_pb_column type=&#8221;3_5&#8243; _builder_version=&#8221;4.25.1&#8243; _module_preset=&#8221;default&#8221; global_colors_info=&#8221;{}&#8221;][et_pb_heading title=&#8221;Acreditaciones y Certificaciones&#8221; _builder_version=&#8221;4.27.4&#8243; _module_preset=&#8221;85d45368-9598-4fad-8d2a-9e8a755ab3a7&#8243; title_text_color=&#8221;#FFFFFF&#8221; title_font_size=&#8221;67px&#8221; global_colors_info=&#8221;{}&#8221;][\/et_pb_heading][\/et_pb_column][et_pb_column type=&#8221;1_5&#8243; _builder_version=&#8221;4.25.1&#8243; _module_preset=&#8221;default&#8221; global_colors_info=&#8221;{}&#8221;][et_pb_image src=&#8221;https:\/\/izajes.cl\/wp-content\/uploads\/2025\/01\/Icontec-NCh-500px.png&#8221; title_text=&#8221;Icontec-NCh-500px&#8221; url=&#8221;https:\/\/izajes.cl\/wp-content\/uploads\/2025\/01\/ICONTEC.pdf&#8221; url_new_window=&#8221;on&#8221; _builder_version=&#8221;4.27.4&#8243; _module_preset=&#8221;default&#8221; global_colors_info=&#8221;{}&#8221;][\/et_pb_image][\/et_pb_column][et_pb_column type=&#8221;1_5&#8243; _builder_version=&#8221;4.25.1&#8243; _module_preset=&#8221;default&#8221; global_colors_info=&#8221;{}&#8221;][et_pb_image src=&#8221;https:\/\/izajes.cl\/wp-content\/uploads\/2025\/01\/ISO-9001.avif&#8221; title_text=&#8221;ISO 9001&#8243; url=&#8221;https:\/\/izajes.cl\/wp-content\/uploads\/2025\/01\/9001.pdf&#8221; url_new_window=&#8221;on&#8221; _builder_version=&#8221;4.27.4&#8243; _module_preset=&#8221;default&#8221; locked=&#8221;off&#8221; global_colors_info=&#8221;{}&#8221;][\/et_pb_image][\/et_pb_column][\/et_pb_row][\/et_pb_section][et_pb_section fb_built=&#8221;1&#8243; admin_label=&#8221;Call to Action&#8221; _builder_version=&#8221;4.25.2&#8243; _module_preset=&#8221;aeecd31e-5802-4500-9007-144a6fcd39fe&#8221; custom_margin=&#8221;||||false&#8221; custom_padding=&#8221;0vw||0vw||true|false&#8221; locked=&#8221;off&#8221; collapsed=&#8221;on&#8221; global_colors_info=&#8221;{}&#8221;][et_pb_row _builder_version=&#8221;4.25.2&#8243; _module_preset=&#8221;default&#8221; custom_padding=&#8221;61px|||||&#8221; global_colors_info=&#8221;{}&#8221;][et_pb_column type=&#8221;4_4&#8243; _builder_version=&#8221;4.25.1&#8243; _module_preset=&#8221;default&#8221; global_colors_info=&#8221;{}&#8221;][et_pb_heading title=&#8221;%22ISI mantiene un enfoque constante en la mejora continua, contribuyendo a la seguridad operativa y al \u00e9xito de las industrias que conf\u00edan en sus servicios%22&#8243; _builder_version=&#8221;4.27.4&#8243; _module_preset=&#8221;fb35a8e2-67ba-4f1d-891f-c8ff51d2b5a6&#8243; title_text_align=&#8221;center&#8221; animation_style=&#8221;fade&#8221; global_colors_info=&#8221;{}&#8221;][\/et_pb_heading][\/et_pb_column][\/et_pb_row][et_pb_row column_structure=&#8221;1_2,1_2&#8243; _builder_version=&#8221;4.27.4&#8243; _module_preset=&#8221;default&#8221; global_colors_info=&#8221;{}&#8221;][et_pb_column type=&#8221;1_2&#8243; _builder_version=&#8221;4.27.4&#8243; _module_preset=&#8221;default&#8221; global_colors_info=&#8221;{}&#8221;][et_pb_button button_url=&#8221;https:\/\/izajes.cl\/wp-content\/uploads\/2025\/01\/POLITICA.pdf&#8221; url_new_window=&#8221;on&#8221; button_text=&#8221;Descargar Pol\u00edtica de Calidad&#8221; button_alignment=&#8221;center&#8221; _builder_version=&#8221;4.27.4&#8243; _module_preset=&#8221;default&#8221; custom_button=&#8221;on&#8221; button_icon=&#8221;&#x3b;||divi||400&#8243; global_colors_info=&#8221;{}&#8221;][\/et_pb_button][\/et_pb_column][et_pb_column type=&#8221;1_2&#8243; _builder_version=&#8221;4.27.4&#8243; _module_preset=&#8221;default&#8221; global_colors_info=&#8221;{}&#8221;][et_pb_button button_url=&#8221;https:\/\/izajes.cl\/wp-content\/uploads\/2025\/01\/quejas.pdf&#8221; url_new_window=&#8221;on&#8221; button_text=&#8221;Quejas y Apelaciones&#8221; button_alignment=&#8221;center&#8221; _builder_version=&#8221;4.27.4&#8243; _module_preset=&#8221;default&#8221; custom_button=&#8221;on&#8221; button_icon=&#8221;&#x3b;||divi||400&#8243; locked=&#8221;off&#8221; global_colors_info=&#8221;{}&#8221;][\/et_pb_button][\/et_pb_column][\/et_pb_row][\/et_pb_section][et_pb_section fb_built=&#8221;1&#8243; _builder_version=&#8221;4.27.4&#8243; _module_preset=&#8221;default&#8221; custom_padding=&#8221;||0px|||&#8221; global_colors_info=&#8221;{}&#8221;][et_pb_row _builder_version=&#8221;4.27.4&#8243; _module_preset=&#8221;default&#8221; global_colors_info=&#8221;{}&#8221;][et_pb_column type=&#8221;4_4&#8243; _builder_version=&#8221;4.27.4&#8243; _module_preset=&#8221;default&#8221; global_colors_info=&#8221;{}&#8221;][et_pb_contact_form email=&#8221;cramos@izajes.cl&#8221; custom_message=&#8221;Mi nombre es %%Name%% y mi email es %%Email%%. %%Message%%&#8221; success_message=&#8221;El mensaje fue enviado correctamente. Pronto nos pondremos en contacto con Ud.&#8221; submit_button_text=&#8221;Enviar Mensaje&#8221; _builder_version=&#8221;4.27.4&#8243; _module_preset=&#8221;default&#8221; _unique_id=&#8221;94e82dac-d9c9-476e-b643-1837ed5aa6de&#8221; global_colors_info=&#8221;{}&#8221;][et_pb_contact_field field_id=&#8221;Name&#8221; field_title=&#8221;Nombre&#8221; _builder_version=&#8221;4.27.4&#8243; form_field_text_color=&#8221;#6b6b6b&#8221; text_orientation=&#8221;left&#8221; global_colors_info=&#8221;{}&#8221; button_text_size__hover_enabled=&#8221;off&#8221; button_one_text_size__hover_enabled=&#8221;off&#8221; button_two_text_size__hover_enabled=&#8221;off&#8221; button_text_color__hover_enabled=&#8221;off&#8221; button_one_text_color__hover_enabled=&#8221;off&#8221; button_two_text_color__hover_enabled=&#8221;off&#8221; button_border_width__hover_enabled=&#8221;off&#8221; button_one_border_width__hover_enabled=&#8221;off&#8221; button_two_border_width__hover_enabled=&#8221;off&#8221; button_border_color__hover_enabled=&#8221;off&#8221; button_one_border_color__hover_enabled=&#8221;off&#8221; button_two_border_color__hover_enabled=&#8221;off&#8221; button_border_radius__hover_enabled=&#8221;off&#8221; button_one_border_radius__hover_enabled=&#8221;off&#8221; button_two_border_radius__hover_enabled=&#8221;off&#8221; button_letter_spacing__hover_enabled=&#8221;off&#8221; button_one_letter_spacing__hover_enabled=&#8221;off&#8221; button_two_letter_spacing__hover_enabled=&#8221;off&#8221; button_bg_color__hover_enabled=&#8221;off&#8221; button_one_bg_color__hover_enabled=&#8221;off&#8221; button_two_bg_color__hover_enabled=&#8221;off&#8221;][\/et_pb_contact_field][et_pb_contact_field field_id=&#8221;Email&#8221; field_title=&#8221;Email&#8221; field_type=&#8221;email&#8221; _builder_version=&#8221;4.27.4&#8243; form_field_text_color=&#8221;#7c7c7c&#8221; global_colors_info=&#8221;{}&#8221; button_text_size__hover_enabled=&#8221;off&#8221; button_one_text_size__hover_enabled=&#8221;off&#8221; button_two_text_size__hover_enabled=&#8221;off&#8221; button_text_color__hover_enabled=&#8221;off&#8221; button_one_text_color__hover_enabled=&#8221;off&#8221; button_two_text_color__hover_enabled=&#8221;off&#8221; button_border_width__hover_enabled=&#8221;off&#8221; button_one_border_width__hover_enabled=&#8221;off&#8221; button_two_border_width__hover_enabled=&#8221;off&#8221; button_border_color__hover_enabled=&#8221;off&#8221; button_one_border_color__hover_enabled=&#8221;off&#8221; button_two_border_color__hover_enabled=&#8221;off&#8221; button_border_radius__hover_enabled=&#8221;off&#8221; button_one_border_radius__hover_enabled=&#8221;off&#8221; button_two_border_radius__hover_enabled=&#8221;off&#8221; button_letter_spacing__hover_enabled=&#8221;off&#8221; button_one_letter_spacing__hover_enabled=&#8221;off&#8221; button_two_letter_spacing__hover_enabled=&#8221;off&#8221; button_bg_color__hover_enabled=&#8221;off&#8221; button_one_bg_color__hover_enabled=&#8221;off&#8221; button_two_bg_color__hover_enabled=&#8221;off&#8221;][\/et_pb_contact_field][et_pb_contact_field field_id=&#8221;Message&#8221; field_title=&#8221;Mensaje&#8221; field_type=&#8221;text&#8221; fullwidth_field=&#8221;on&#8221; _builder_version=&#8221;4.27.4&#8243; global_colors_info=&#8221;{}&#8221; button_text_size__hover_enabled=&#8221;off&#8221; button_one_text_size__hover_enabled=&#8221;off&#8221; button_two_text_size__hover_enabled=&#8221;off&#8221; button_text_color__hover_enabled=&#8221;off&#8221; button_one_text_color__hover_enabled=&#8221;off&#8221; button_two_text_color__hover_enabled=&#8221;off&#8221; button_border_width__hover_enabled=&#8221;off&#8221; button_one_border_width__hover_enabled=&#8221;off&#8221; button_two_border_width__hover_enabled=&#8221;off&#8221; button_border_color__hover_enabled=&#8221;off&#8221; button_one_border_color__hover_enabled=&#8221;off&#8221; button_two_border_color__hover_enabled=&#8221;off&#8221; button_border_radius__hover_enabled=&#8221;off&#8221; button_one_border_radius__hover_enabled=&#8221;off&#8221; button_two_border_radius__hover_enabled=&#8221;off&#8221; button_letter_spacing__hover_enabled=&#8221;off&#8221; button_one_letter_spacing__hover_enabled=&#8221;off&#8221; button_two_letter_spacing__hover_enabled=&#8221;off&#8221; button_bg_color__hover_enabled=&#8221;off&#8221; button_one_bg_color__hover_enabled=&#8221;off&#8221; button_two_bg_color__hover_enabled=&#8221;off&#8221;][\/et_pb_contact_field][\/et_pb_contact_form][et_pb_heading title=&#8221;Tel\u00e9fono:+56995087706   |   Email: cramos@izajes.cl&#8221; _builder_version=&#8221;4.27.4&#8243; _module_preset=&#8221;85d45368-9598-4fad-8d2a-9e8a755ab3a7&#8243; title_text_align=&#8221;center&#8221; title_text_color=&#8221;#000000&#8243; title_font_size=&#8221;24px&#8221; custom_margin=&#8221;||0px|||&#8221; locked=&#8221;off&#8221; global_colors_info=&#8221;{}&#8221;][\/et_pb_heading][et_pb_heading title=&#8221;Bulnes 214, local Q, Salamanca\/ Carlos Edwards 1125, San Miguel, Santiago&#8221; _builder_version=&#8221;4.27.4&#8243; _module_preset=&#8221;85d45368-9598-4fad-8d2a-9e8a755ab3a7&#8243; title_text_align=&#8221;center&#8221; title_text_color=&#8221;#000000&#8243; title_font_size=&#8221;24px&#8221; locked=&#8221;off&#8221; global_colors_info=&#8221;{}&#8221;][\/et_pb_heading][\/et_pb_column][\/et_pb_row][\/et_pb_section]<\/p>\n","protected":false},"excerpt":{"rendered":"<p>El Instituto Sudamericano de Izaje (ISI) es una organizaci\u00f3n especializada en la inspecci\u00f3n t\u00e9cnica de equipos de izaje y maquinaria industrial.Desde sus inicios, ISI se ha destacado por ofrecer servicios confiables, imparciales y de alta calidad, respaldados por personal calificado con experiencia en las \u00e1reas de izaje y movimiento de tierra Trabajos en Altura. Supervisor [&hellip;]<\/p>\n","protected":false},"author":1,"featured_media":0,"parent":0,"menu_order":0,"comment_status":"closed","ping_status":"open","template":"","meta":{"_seopress_robots_primary_cat":"","_seopress_titles_title":"","_seopress_titles_desc":"","_seopress_robots_index":"","_et_pb_use_builder":"on","_et_pb_old_content":"<!-- wp:paragraph -->\n<p>This is an example page. It's different from a blog post because it will stay in one place and will show up in your site navigation (in most themes). Most people start with an About page that introduces them to potential site visitors. It might say something like this:<\/p>\n<!-- \/wp:paragraph -->\n\n<!-- wp:quote -->\n<blockquote class=\"wp-block-quote\"><p>Hi there! I'm a bike messenger by day, aspiring actor by night, and this is my website. I live in Los Angeles, have a great dog named Jack, and I like pi&#241;a coladas. (And gettin' caught in the rain.)<\/p><\/blockquote>\n<!-- \/wp:quote -->\n\n<!-- wp:paragraph -->\n<p>...or something like this:<\/p>\n<!-- \/wp:paragraph -->\n\n<!-- wp:quote -->\n<blockquote class=\"wp-block-quote\"><p>The XYZ Doohickey Company was founded in 1971, and has been providing quality doohickeys to the public ever since. Located in Gotham City, XYZ employs over 2,000 people and does all kinds of awesome things for the Gotham community.<\/p><\/blockquote>\n<!-- \/wp:quote -->\n\n<!-- wp:paragraph -->\n<p>As a new WordPress user, you should go to <a href=\"https:\/\/izajes.agma.cloud\/wp-admin\/\">your dashboard<\/a> to delete this page and create new pages for your content. Have fun!<\/p>\n<!-- \/wp:paragraph -->","_et_gb_content_width":"","footnotes":""},"class_list":["post-2","page","type-page","status-publish","hentry"],"_links":{"self":[{"href":"https:\/\/izajes.cl\/index.php?rest_route=\/wp\/v2\/pages\/2","targetHints":{"allow":["GET"]}}],"collection":[{"href":"https:\/\/izajes.cl\/index.php?rest_route=\/wp\/v2\/pages"}],"about":[{"href":"https:\/\/izajes.cl\/index.php?rest_route=\/wp\/v2\/types\/page"}],"author":[{"embeddable":true,"href":"https:\/\/izajes.cl\/index.php?rest_route=\/wp\/v2\/users\/1"}],"replies":[{"embeddable":true,"href":"https:\/\/izajes.cl\/index.php?rest_route=%2Fwp%2Fv2%2Fcomments&post=2"}],"version-history":[{"count":65,"href":"https:\/\/izajes.cl\/index.php?rest_route=\/wp\/v2\/pages\/2\/revisions"}],"predecessor-version":[{"id":164,"href":"https:\/\/izajes.cl\/index.php?rest_route=\/wp\/v2\/pages\/2\/revisions\/164"}],"wp:attachment":[{"href":"https:\/\/izajes.cl\/index.php?rest_route=%2Fwp%2Fv2%2Fmedia&parent=2"}],"curies":[{"name":"wp","href":"https:\/\/api.w.org\/{rel}","templated":true}]}}